{"id":523,"date":"2025-07-16T15:22:31","date_gmt":"2025-07-16T15:22:31","guid":{"rendered":"http:\/\/olympia-schoenau.de\/?post_type=product&#038;p=523"},"modified":"2025-10-17T13:48:33","modified_gmt":"2025-10-17T13:48:33","slug":"erwachsener-ticket-vorverkauf","status":"publish","type":"product","link":"https:\/\/olympia-schoenau.de\/?product=erwachsener-ticket-vorverkauf","title":{"rendered":"Erwachsener ab 18 Jahren (Ticket Vorverkauf)"},"content":{"rendered":"<p>Kartenvorverkauf f\u00fcr die 63. Deutschen Meisterschaften im Rh\u00f6nradturnen startet am 30.08.2025.<\/p>\n<p>100 Jahre &#8211; Rh\u00f6nrad. Ticketvorverkauf f\u00fcr die <em>B\u00fcrgermeister-Goebels-Halle in Bad Neustadt.<br \/>\n<\/em><\/p>\n<p>Vorverkauf beendet: es k\u00f6nnen Karten an der Abendkasse gekauft werden.<\/p>\n<p>&nbsp;<\/p>\n","protected":false},"excerpt":{"rendered":"<p>Kartenvorverkauf f\u00fcr die 63. Deutschen Meisterschaften im Rh\u00f6nradturnen startet am 30.08.2025. 100 Jahre &#8211; Rh\u00f6nrad. Ticketvorverkauf f\u00fcr die B\u00fcrgermeister-Goebels-Halle in Bad Neustadt. Vorverkauf beendet: es k\u00f6nnen Karten an der Abendkasse gekauft werden. &nbsp;<\/p>\n","protected":false},"featured_media":391,"comment_status":"open","ping_status":"closed","template":"","meta":[],"product_brand":[],"product_cat":[20],"product_tag":[],"class_list":{"0":"post-523","1":"product","2":"type-product","3":"status-publish","4":"has-post-thumbnail","6":"product_cat-100-jahre-rhoenrad-ticket-vorverkauf","8":"first","9":"outofstock","10":"purchasable","11":"product-type-simple"},"_links":{"self":[{"href":"https:\/\/olympia-schoenau.de\/index.php?rest_route=\/wp\/v2\/product\/523","targetHints":{"allow":["GET"]}}],"collection":[{"href":"https:\/\/olympia-schoenau.de\/index.php?rest_route=\/wp\/v2\/product"}],"about":[{"href":"https:\/\/olympia-schoenau.de\/index.php?rest_route=\/wp\/v2\/types\/product"}],"replies":[{"embeddable":true,"href":"https:\/\/olympia-schoenau.de\/index.php?rest_route=%2Fwp%2Fv2%2Fcomments&post=523"}],"wp:featuredmedia":[{"embeddable":true,"href":"https:\/\/olympia-schoenau.de\/index.php?rest_route=\/wp\/v2\/media\/391"}],"wp:attachment":[{"href":"https:\/\/olympia-schoenau.de\/index.php?rest_route=%2Fwp%2Fv2%2Fmedia&parent=523"}],"wp:term":[{"taxonomy":"product_brand","embeddable":true,"href":"https:\/\/olympia-schoenau.de\/index.php?rest_route=%2Fwp%2Fv2%2Fproduct_brand&post=523"},{"taxonomy":"product_cat","embeddable":true,"href":"https:\/\/olympia-schoenau.de\/index.php?rest_route=%2Fwp%2Fv2%2Fproduct_cat&post=523"},{"taxonomy":"product_tag","embeddable":true,"href":"https:\/\/olympia-schoenau.de\/index.php?rest_route=%2Fwp%2Fv2%2Fproduct_tag&post=523"}],"curies":[{"name":"wp","href":"https:\/\/api.w.org\/{rel}","templated":true}]}}