{"id":27,"date":"2017-08-27T21:16:32","date_gmt":"2017-08-27T21:16:32","guid":{"rendered":"http:\/\/olympia-schoenau.de\/?page_id=27"},"modified":"2019-04-25T03:00:22","modified_gmt":"2019-04-25T03:00:22","slug":"kreuzberglauf","status":"publish","type":"page","link":"http:\/\/olympia-schoenau.de\/?page_id=27","title":{"rendered":"Kreuzberglauf 2018"},"content":{"rendered":"<h3><strong>26. Kreuzberglauf mit Unterfr\u00e4nk. Berglauf-Meisterschaften 2018<\/strong><\/h3>\n<p><strong>Ausrichter:<\/strong>\u00a0\u00a0\u00a0\u00a0\u00a0\u00a0\u00a0 DJK Sch\u00f6nau \/ Brend<\/p>\n<p><strong>Wettkampfort:<\/strong>\u00a0\u00a0 97659 Sch\u00f6nau an der Brend Start am Sportheim der DJK Sch\u00f6nau\/Brend Ziel auf dem Kreuzberg am Gipfelkreuz Streckenl\u00e4nge ca. 10,2 km (<strong>6,2 km ab M70, ab W60<\/strong>) H\u00f6hendifferenz ca. 580 m (450 m bei 6,2 km)<\/p>\n<p><strong>Umkleide:<\/strong>\u00a0\u00a0\u00a0\u00a0\u00a0\u00a0\u00a0\u00a0\u00a0 Sportheim der DJK Sch\u00f6nau\/Brend<\/p>\n<p><strong>Datum :\u00a0\u00a0\u00a0\u00a0 <\/strong>\u00a0\u00a0\u00a0\u00a0\u00a0\u00a0\u00a0\u00a0\u00a0 Sonntag, den 21.10.2018\u00a0 \u00a0 \u00a011:00 Uhr<\/p>\n<p><strong>Wettbewerbe:\u00a0\u00a0 Einzelwertung<\/strong><\/p>\n<p><strong>M\u00e4nner:<\/strong> zun\u00e4chst absolute Wertung (d.h. unter Einschluss der Senioren<strong>)<\/strong><\/p>\n<p><strong>Senioren: <\/strong>zus\u00e4tzliche Wertung in M35, M40, M45, \u2026 M65;<\/p>\n<p><strong>Senioren:<\/strong>\u00a0M70, M75 und \u00e4lter (verk\u00fcrzte Strecke)<\/p>\n<p><strong>Frauen:<\/strong> zun\u00e4chst absolute Wertung\u00a0 (d.h. unter Einschluss der Seniorinnen<strong>)<\/strong><\/p>\n<p><strong>Seniorinnen:<\/strong> zus\u00e4tzliche Wertung in W35, W40, \u2026 W55; \u00a0\u00a0\u00a0\u00a0\u00a0\u00a0\u00a0\u00a0 <strong>Seniorinnen:<\/strong>\u00a0\u00a0\u00a0\u00a0 W60, W65 und \u00e4lter (verk\u00fcrzte Strecke)<\/p>\n<p><strong>Mannschaftswertung<\/strong> (drei L\u00e4ufer \/ -innen durch Zeitaddition)\u00a0 M\u00e4nner: zun\u00e4chst absolute Wertung (d.h. unter Einschluss der Senioren, nicht verk\u00fcrzte Strecke<strong>)<\/strong><\/p>\n<p>Frauen: zun\u00e4chst absolute Wertung (d.h. unter Einschluss der Seniorinnen, nicht verk\u00fcrzte Strecke<strong>)<\/strong><\/p>\n<p>zus\u00e4tzliche Wertungen in: Senioren: <strong>M35<\/strong> (M35\/M40\/M45), <strong>M50<\/strong> (M50\/M55), <strong>M60<\/strong> (M60\/M65)\u00a0<strong>M70<\/strong> (M70 und \u00e4lter) verk\u00fcrzte Strecke Seniorinnen: <strong>W35<\/strong> (W35 \/W40\/W45); <strong>W50<\/strong> (W50\/W55); <strong>W60<\/strong> (W60 und \u00e4lter) verk\u00fcrzte Strecke<\/p>\n<p>Eine Mannschaftswertung erfolgt nur, wenn alle drei L\u00e4ufer \/ -innen auch dem entsprechenden Block der Wettkampfklasse angeh\u00f6ren und auch in der Einzelwertung in dieser entsprechenden Wettkampfklasse ausdr\u00fccklich gemeldet wurden.<\/p>\n<p><strong>WJ U20, MJ U20<\/strong> \u00a0\u00a0\u00a0\u00a0\u00a0\u00a0\u00a0\u00a0 (Einzelwertung und Mannschaftswertung)<\/p>\n<p><strong>MTB-Rennen<\/strong> (ca. 10,2 km): Start um 10:50 Uhr, nur Einzelwertung Klasseneinteilung wie beim Lauf (5-Jahres-Wertung) Urkunden f\u00fcr alle Teilnehmer<\/p>\n<p><strong>Meldungen: \u00a0\u00a0\u00a0\u00a0\u00a0 <\/strong>Leo Zirkelbach\u00a0\u00a0\u00a0\u00a0\u00a0\u00a0\u00a0\u00a0\u00a0\u00a0\u00a0\u00a0 oder: Armin Fischer Rh\u00f6nstra\u00dfe 15\u00a0\u00a0\u00a0\u00a0\u00a0\u00a0\u00a0\u00a0\u00a0\u00a0\u00a0\u00a0\u00a0\u00a0\u00a0\u00a0\u00a0\u00a0\u00a0\u00a0\u00a0 Fr\u00f6belstra\u00dfe 1 97659 Sch\u00f6nau\u00a0\u00a0\u00a0\u00a0\u00a0\u00a0\u00a0\u00a0\u00a0\u00a0\u00a0\u00a0\u00a0\u00a0\u00a0\u00a0\u00a0\u00a0\u00a0 97616 Bad Neustadt 0175\/4487685 \u00a0\u00a0\u00a0\u00a0\u00a0\u00a0\u00a0\u00a0\u00a0\u00a0\u00a0\u00a0\u00a0\u00a0\u00a0\u00a0\u00a0\u00a0\u00a0\u00a0\u00a0 Email: <a href=\"mailto:af-sport@kabelmail.de\">af-sport@kabelmail.de<\/a><\/p>\n<p>Eine Wertung f\u00fcr die Ufr. Meisterschaften erfolgt nur, wenn dies in der Meldung ausdr\u00fccklich vermerkt wurde. Die Startpass- bzw. \u00a0die Startlizenznummer muss bei der Meldung <u>unbedingt<\/u> mit angegeben werden.<\/p>\n<p>Die Meldung muss enthalten: Name, Vorname, Jahrgang, Altersklasse, Startlizenznummer, Verein<\/p>\n<p><strong>Meldeschluss:<\/strong>\u00a0 Mittwoch, der \u00a017. Oktober 2018<\/p>\n<p><strong>Meldegeb\u00fchren:<\/strong>\u00a0\u00a0\u00a0\u00a0\u00a0\u00a0\u00a0 8,00 \u20ac<\/p>\n<p><strong>Hinweise:<\/strong>\u00a0\u00a0\u00a0\u00a0\u00a0\u00a0\u00a0\u00a0\u00a0 Startnummernausgabe ist ab 9:30 Uhr im Sportheim der DJK Sch\u00f6nau Die Strecke f\u00fchrt zum Teil durch Naturschutzgebiet. Sie darf deshalb nicht verlassen werden. Der Kleidertransport erfolgt kurz vor dem Start zum Kreuzberg. R\u00fccktransport der Teilnehmer erfolgt mit Kleinbus und PKW\u2019s. Duschgelegenheit ist im Sportheim vorhanden. Sicherheitsnadeln hat jeder Teilnehmer selbst mitzubringen.<\/p>\n<p><strong>Siegerehrung:<\/strong>\u00a0\u00a0 Die Siegerehrung findet um ca. 14:00 Uhr im Sportheim der DJK Sch\u00f6nau statt<\/p>\n<p><strong>Haftung:\u00a0\u00a0\u00a0\u00a0\u00a0\u00a0\u00a0\u00a0\u00a0\u00a0\u00a0\u00a0 <\/strong>Eine Haftung des Veranstalters und\/oder des Ausrichters f\u00fcr Sch\u00e4den aufgrund von Unf\u00e4llen, Diebst\u00e4hlen und sonstigen Ursachen ist ausgeschlossen. Ausgenommen hiervon sind F\u00e4lle, f\u00fcr die der Veranstalter und\/oder Ausrichter aufgrund grober Fahrl\u00e4ssigkeit oder Vorsatz seiner beauftragten Mitarbeiter (Helfer, Kampfrichter, \u2026) haftet.<\/p>\n<p><strong>Bestimmungen: <\/strong><\/p>\n<p>Die Wettk\u00e4mpfe werden nach den f\u00fcr das Jahr 2018 g\u00fcltigen Regeln der DLO \/ IWR ausgerichtet.<\/p>\n<p>An den Bezirksmeisterschaften 2018 k\u00f6nnen nur Mitglieder eines dem Leichtathletik-Bezirk Unterfranken angeh\u00f6renden Vereins (Leichtathletik-Meldung f\u00fcr 2018 an den Bayerischen Landes-Sportverband) mit f\u00fcr 2018g\u00fcltigem Startrecht (alt: Startpass) teilnehmen. Leichtathletinnen und Leichtathleten aus anderen Gebieten oder Sportler ohne g\u00fcltiges Startrecht k\u00f6nnen au\u00dferhalb der Bezirkswertung teilnehmen.<\/p>\n<p>Die unterfr\u00e4nkischen Meisterschaften werden im Rahmen des 26. Kreuzberglaufs durchgef\u00fchrt.<\/p>\n<h4><\/h4>\n","protected":false},"excerpt":{"rendered":"<p>26. Kreuzberglauf mit Unterfr\u00e4nk. Berglauf-Meisterschaften 2018 Ausrichter:\u00a0\u00a0\u00a0\u00a0\u00a0\u00a0\u00a0 DJK Sch\u00f6nau \/ Brend Wettkampfort:\u00a0\u00a0 97659 Sch\u00f6nau an der Brend Start am Sportheim der DJK Sch\u00f6nau\/Brend Ziel auf dem Kreuzberg am Gipfelkreuz Streckenl\u00e4nge ca. 10,2 km (6,2 km ab M70, ab W60) H\u00f6hendifferenz ca. 580 m (450 m bei 6,2 km) Umkleide:\u00a0\u00a0\u00a0\u00a0\u00a0\u00a0\u00a0\u00a0\u00a0 Sportheim der DJK Sch\u00f6nau\/Brend Datum :\u00a0\u00a0\u00a0\u00a0 [&hellip;]<\/p>\n","protected":false},"author":3,"featured_media":0,"parent":0,"menu_order":0,"comment_status":"closed","ping_status":"closed","template":"","meta":{"footnotes":""},"class_list":["post-27","page","type-page","status-publish","hentry"],"_links":{"self":[{"href":"http:\/\/olympia-schoenau.de\/index.php?rest_route=\/wp\/v2\/pages\/27","targetHints":{"allow":["GET"]}}],"collection":[{"href":"http:\/\/olympia-schoenau.de\/index.php?rest_route=\/wp\/v2\/pages"}],"about":[{"href":"http:\/\/olympia-schoenau.de\/index.php?rest_route=\/wp\/v2\/types\/page"}],"author":[{"embeddable":true,"href":"http:\/\/olympia-schoenau.de\/index.php?rest_route=\/wp\/v2\/users\/3"}],"replies":[{"embeddable":true,"href":"http:\/\/olympia-schoenau.de\/index.php?rest_route=%2Fwp%2Fv2%2Fcomments&post=27"}],"version-history":[{"count":10,"href":"http:\/\/olympia-schoenau.de\/index.php?rest_route=\/wp\/v2\/pages\/27\/revisions"}],"predecessor-version":[{"id":222,"href":"http:\/\/olympia-schoenau.de\/index.php?rest_route=\/wp\/v2\/pages\/27\/revisions\/222"}],"wp:attachment":[{"href":"http:\/\/olympia-schoenau.de\/index.php?rest_route=%2Fwp%2Fv2%2Fmedia&parent=27"}],"curies":[{"name":"wp","href":"https:\/\/api.w.org\/{rel}","templated":true}]}}