{"id":218,"date":"2019-04-25T02:57:22","date_gmt":"2019-04-25T02:57:22","guid":{"rendered":"http:\/\/olympia-schoenau.de\/?page_id=218"},"modified":"2019-04-25T03:12:02","modified_gmt":"2019-04-25T03:12:02","slug":"kreuzberglauf-2019","status":"publish","type":"page","link":"http:\/\/olympia-schoenau.de\/?page_id=218","title":{"rendered":"Kreuzberglauf 2019"},"content":{"rendered":"\n<p><strong><em>Anmeldungen f\u00fcr unterfr\u00e4nkische und bayerische Berglauf-Meisterschaften 2019 m\u00fcssen unbedingt \u00fcber eine dieser beiden Web-Adressen erfolgen:<\/em><\/strong><\/p>\n\n\n\n<p><a href=\"http:\/\/www.ladv.de\/\">www.ladv.de<\/a><\/p>\n\n\n\n<p><a href=\"http:\/\/www.blv-sport.de\/\">www.blv-sport.de<\/a><\/p>\n\n\n\n<ol class=\"wp-block-list\"><li><strong>Kreuzberglauf 2019<\/strong><\/li><\/ol>\n\n\n\n<p><strong>Ausrichter: <\/strong><br> DJK Sch\u00f6nau \/ Brend<\/p>\n\n\n\n<p><strong>Wettkampfort: <\/strong><br> 97659 Sch\u00f6nau an der Brend<\/p>\n\n\n\n<p>Start am Sportheim der DJK Sch\u00f6nau\/Brend<br>\nZiel auf dem Kreuzberg am Gipfelkreuz<br>\nStreckenl\u00e4nge ca. 10,2 km f\u00fcr alle Teilnehmer<br>\nH\u00f6hendifferenz ca. 580 m<\/p>\n\n\n\n<p><strong>Umkleide: <\/strong><br> Sportheim der DJK Sch\u00f6nau\/Brend<\/p>\n\n\n\n<p><strong>Datum: <\/strong><br> Sonntag, den 20.10.2019 11:00 Uhr<\/p>\n\n\n\n<p><strong>Wettbewerbe: <\/strong><br> Einzelwertung<\/p>\n\n\n\n<p>MTB-Rennen (ca. 10,2 km):<br>\nStart um 10:45 Uhr, nur Einzelwertung<br>\nKlasseneinteilung wie beim Lauf (5-Jahres-Wertung)<br>\nUrkunden f\u00fcr alle Teilnehmer<\/p>\n\n\n\n<p><strong>Meldungen f\u00fcr Kreuzberglauf \/ MTB-Rennen:<\/strong><br> online: http:\/\/olympia-schoenau.de\/?page_id=27<br> Leo Zirkelbach oder: Armin Fischer<br> Rh\u00f6nstra\u00dfe 15 Fr\u00f6belstra\u00dfe 1<br> 97659 Sch\u00f6nau 97616 Bad Neustadt<br> 0175\/4487685 Email: af-sport@kabelmail.de<br> Meldeschluss f\u00fcr den Kreuzberglauf:Donnerstag, der 17. Oktober 2019<\/p>\n\n\n\n<p><strong>Meisterschaften:<\/strong><br> Die unterfr\u00e4nkischen Meisterschaften und die Bayerischen<br> Meisterschaften f\u00fcr Jugend U18, Jugend U20, Senioren und<br> Seniorinnen werden im Rahmen des 27. Kreuzberglaufs<br> durchgef\u00fchrt.<\/p>\n\n\n\n<p><strong>Meldungen f\u00fcr Meisterschafts-Wettbewerbe:<\/strong><br> nur online \u00fcber COSA-Meldeportal: www.ladv.de<br> oder \u00fcber: www.blv-sport.de<br> Meldeschluss ist der 08.10.2019<br> Nachmeldungen am Veranstaltungstag sind nicht zugelassen<\/p>\n\n\n\n<p><strong>Meldegeb\u00fchren: <\/strong>Jugendliche: 10,00 \u20ac<br> <strong>Erwachsene: <\/strong>12,00 \u20ac<\/p>\n\n\n\n<p><strong>Hinweise: <\/strong><br> Startnummernausgabe ist ab 9:30 Uhr im Sportheim der DJK Sch\u00f6nau<br> Die Strecke f\u00fchrt zum Teil durch Naturschutzgebiet.<br> Sie darf deshalb nicht verlassen werden.<br> Der Kleidertransport erfolgt kurz vor dem Start zum Kreuzberg. <br> Stand: 06.02.2019 Kreuzberglauf 2019 Seite 2 von 2<br> R\u00fccktransport der Teilnehmer erfolgt mit Kleinbus und PKW\u2019s.<br> Duschgelegenheit ist im Sportheim vorhanden.<br> Sicherheitsnadeln hat jeder Teilnehmer selbst mitzubringen.<\/p>\n\n\n\n<p><strong>Siegerehrung: <\/strong><br> Die Siegerehrung findet um ca. 14:00 Uhr im Sportheim der<br> DJK Sch\u00f6nau statt<\/p>\n\n\n\n<p><strong>Haftung: <\/strong><br> Eine Haftung des Veranstalters und\/oder des Ausrichters f\u00fcr<br> Sch\u00e4den aufgrund von Unf\u00e4llen, Diebst\u00e4hlen und sonstigen<br> Ursachen ist ausgeschlossen. Ausgenommen hiervon sind<br> F\u00e4lle, f\u00fcr die der Veranstalter und\/oder Ausrichter aufgrund<br> grober Fahrl\u00e4ssigkeit oder Vorsatz seiner beauftragten<br> Mitarbeiter (Helfer, Kampfrichter, \u2026) haftet.<\/p>\n\n\n\n<p><strong>Bestimmungen:<\/strong><br> Die Wettk\u00e4mpfe werden nach den f\u00fcr das Jahr 2019 g\u00fcltigen<br> Regeln der DLO \/ IWR ausgerichtet.<\/p>\n\n\n\n<h2 class=\"wp-block-heading\">Anmeldeformular f\u00fcr 2019:<\/h2>\n\n\n\n<h4 class=\"wp-block-heading\">\n<div class=\"wpcf7 no-js\" id=\"wpcf7-f157-o1\" lang=\"de-DE\" dir=\"ltr\" data-wpcf7-id=\"157\">\n<div class=\"screen-reader-response\"><p role=\"status\" aria-live=\"polite\" aria-atomic=\"true\"><\/p> <ul><\/ul><\/div>\n<form action=\"\/index.php?rest_route=%2Fwp%2Fv2%2Fpages%2F218#wpcf7-f157-o1\" method=\"post\" class=\"wpcf7-form init\" aria-label=\"Kontaktformular\" novalidate=\"novalidate\" data-status=\"init\">\n<fieldset class=\"hidden-fields-container\"><input type=\"hidden\" name=\"_wpcf7\" value=\"157\" \/><input type=\"hidden\" name=\"_wpcf7_version\" value=\"6.1\" \/><input type=\"hidden\" name=\"_wpcf7_locale\" value=\"de_DE\" \/><input type=\"hidden\" name=\"_wpcf7_unit_tag\" value=\"wpcf7-f157-o1\" \/><input type=\"hidden\" name=\"_wpcf7_container_post\" value=\"0\" \/><input type=\"hidden\" name=\"_wpcf7_posted_data_hash\" value=\"\" \/>\n<\/fieldset>\n<p><label> Anmelden f\u00fcr: (Pflichtfeld)<br \/>\n<span class=\"wpcf7-form-control-wrap\" data-name=\"menu-815\"><select class=\"wpcf7-form-control wpcf7-select\" aria-invalid=\"false\" name=\"menu-815\"><option value=\"Kreuzberglauf 12.10.2025\">Kreuzberglauf 12.10.2025<\/option><\/select><\/span> <\/label>\n<\/p>\n<p><label> Vorname: (Pflichtfeld)<br \/>\n<span class=\"wpcf7-form-control-wrap\" data-name=\"Vorname\"><input size=\"40\" maxlength=\"400\" class=\"wpcf7-form-control wpcf7-text wpcf7-validates-as-required\" aria-required=\"true\" aria-invalid=\"false\" value=\"\" type=\"text\" name=\"Vorname\" \/><\/span> <\/label>\n<\/p>\n<p><label> Nachname: (Pflichtfeld)<br \/>\n<span class=\"wpcf7-form-control-wrap\" data-name=\"Nachname\"><input size=\"40\" maxlength=\"400\" class=\"wpcf7-form-control wpcf7-text wpcf7-validates-as-required\" aria-required=\"true\" aria-invalid=\"false\" value=\"\" type=\"text\" name=\"Nachname\" \/><\/span> <\/label>\n<\/p>\n<p><label> Jahrgang: (Pflichtfeld)<br \/>\n<span class=\"wpcf7-form-control-wrap\" data-name=\"Jahrgang\"><input size=\"40\" maxlength=\"400\" class=\"wpcf7-form-control wpcf7-text wpcf7-validates-as-required\" aria-required=\"true\" aria-invalid=\"false\" value=\"\" type=\"text\" name=\"Jahrgang\" \/><\/span> <\/label>\n<\/p>\n<p><label> Verein: (Pflichtfeld)<br \/>\n<span class=\"wpcf7-form-control-wrap\" data-name=\"Verein\"><input size=\"40\" maxlength=\"400\" class=\"wpcf7-form-control wpcf7-text wpcf7-validates-as-required\" aria-required=\"true\" aria-invalid=\"false\" value=\"\" type=\"text\" name=\"Verein\" \/><\/span> <\/label>\n<\/p>\n<p><label> Startpass-Nummer (Pflichtfeld bei Ufr. Meisterschaft)<br \/>\n<span class=\"wpcf7-form-control-wrap\" data-name=\"Startpass-Nummer\"><input size=\"40\" maxlength=\"400\" class=\"wpcf7-form-control wpcf7-text wpcf7-validates-as-required\" aria-required=\"true\" aria-invalid=\"false\" value=\"\" type=\"text\" name=\"Startpass-Nummer\" \/><\/span> <\/label>\n<\/p>\n<p><label> Ihre E-Mail-Adresse (Pflichtfeld)<br \/>\n<span class=\"wpcf7-form-control-wrap\" data-name=\"your-email\"><input size=\"40\" maxlength=\"400\" class=\"wpcf7-form-control wpcf7-email wpcf7-validates-as-required wpcf7-text wpcf7-validates-as-email\" aria-required=\"true\" aria-invalid=\"false\" value=\"\" type=\"email\" name=\"your-email\" \/><\/span> <\/label>\n<\/p>\n<p><label> Betreff<br \/>\n<span class=\"wpcf7-form-control-wrap\" data-name=\"your-subject\"><input size=\"40\" maxlength=\"400\" class=\"wpcf7-form-control wpcf7-text\" aria-invalid=\"false\" value=\"\" type=\"text\" name=\"your-subject\" \/><\/span> <\/label>\n<\/p>\n<p><label> Ihre Nachricht<br \/>\n<span class=\"wpcf7-form-control-wrap\" data-name=\"your-message\"><textarea cols=\"40\" rows=\"10\" maxlength=\"2000\" class=\"wpcf7-form-control wpcf7-textarea\" aria-invalid=\"false\" name=\"your-message\"><\/textarea><\/span> <\/label>\n<\/p>\n<p><span class=\"wpcf7-form-control-wrap\" data-name=\"checkbox-303\"><span class=\"wpcf7-form-control wpcf7-checkbox wpcf7-validates-as-required\"><span class=\"wpcf7-list-item first last\"><input type=\"checkbox\" name=\"checkbox-303[]\" value=\"Ich habe meine Eingaben \u00fcberpr\u00fcft!\" \/><span class=\"wpcf7-list-item-label\">Ich habe meine Eingaben \u00fcberpr\u00fcft!<\/span><\/span><\/span><\/span> (Pflichtfeld)\n<\/p>\n<p><input class=\"wpcf7-form-control wpcf7-submit has-spinner\" type=\"submit\" value=\"Senden\" \/>\n<\/p><div class=\"wpcf7-response-output\" aria-hidden=\"true\"><\/div>\n<\/form>\n<\/div>\n<\/h4>\n","protected":false},"excerpt":{"rendered":"<p>Anmeldungen f\u00fcr unterfr\u00e4nkische und bayerische Berglauf-Meisterschaften 2019 m\u00fcssen unbedingt \u00fcber eine dieser beiden Web-Adressen erfolgen: www.ladv.de www.blv-sport.de Kreuzberglauf 2019 Ausrichter: DJK Sch\u00f6nau \/ Brend Wettkampfort: 97659 Sch\u00f6nau an der Brend Start am Sportheim der DJK Sch\u00f6nau\/Brend Ziel auf dem Kreuzberg am Gipfelkreuz Streckenl\u00e4nge ca. 10,2 km f\u00fcr alle Teilnehmer H\u00f6hendifferenz ca. 580 m Umkleide: Sportheim [&hellip;]<\/p>\n","protected":false},"author":3,"featured_media":0,"parent":0,"menu_order":0,"comment_status":"closed","ping_status":"closed","template":"","meta":{"footnotes":""},"class_list":["post-218","page","type-page","status-publish","hentry"],"_links":{"self":[{"href":"http:\/\/olympia-schoenau.de\/index.php?rest_route=\/wp\/v2\/pages\/218","targetHints":{"allow":["GET"]}}],"collection":[{"href":"http:\/\/olympia-schoenau.de\/index.php?rest_route=\/wp\/v2\/pages"}],"about":[{"href":"http:\/\/olympia-schoenau.de\/index.php?rest_route=\/wp\/v2\/types\/page"}],"author":[{"embeddable":true,"href":"http:\/\/olympia-schoenau.de\/index.php?rest_route=\/wp\/v2\/users\/3"}],"replies":[{"embeddable":true,"href":"http:\/\/olympia-schoenau.de\/index.php?rest_route=%2Fwp%2Fv2%2Fcomments&post=218"}],"version-history":[{"count":3,"href":"http:\/\/olympia-schoenau.de\/index.php?rest_route=\/wp\/v2\/pages\/218\/revisions"}],"predecessor-version":[{"id":232,"href":"http:\/\/olympia-schoenau.de\/index.php?rest_route=\/wp\/v2\/pages\/218\/revisions\/232"}],"wp:attachment":[{"href":"http:\/\/olympia-schoenau.de\/index.php?rest_route=%2Fwp%2Fv2%2Fmedia&parent=218"}],"curies":[{"name":"wp","href":"https:\/\/api.w.org\/{rel}","templated":true}]}}