{"id":18,"date":"2017-04-12T10:23:18","date_gmt":"2017-04-12T10:23:18","guid":{"rendered":"http:\/\/olympia-schoenau.de\/?page_id=18"},"modified":"2025-08-29T23:01:31","modified_gmt":"2025-08-29T23:01:31","slug":"rhoenrad","status":"publish","type":"page","link":"http:\/\/olympia-schoenau.de\/?page_id=18","title":{"rendered":"Rh\u00f6nrad"},"content":{"rendered":"<div class=\"cols\">\n<div class=\"propfirst\" data-wp-editing=\"1\">\n<p>In Sch\u00f6nau an der Brend wurde seit der Erfindung des Rh\u00f6nrades im Jahre 1925 immer Rh\u00f6nrad geturnt. 1955 schlossen sich die Rh\u00f6nradturner der DJK Olympia Sch\u00f6nau an. Damals geleitet von Reinhold Fu\u00df.<br \/>\n<img loading=\"lazy\" decoding=\"async\" class=\"aligncenter size-medium wp-image-609\" src=\"http:\/\/olympia-schoenau.de\/wp-content\/uploads\/2025\/08\/Reinhold-Fuss-300x215.jpg\" alt=\"\" width=\"300\" height=\"215\" srcset=\"http:\/\/olympia-schoenau.de\/wp-content\/uploads\/2025\/08\/Reinhold-Fuss-300x215.jpg 300w, http:\/\/olympia-schoenau.de\/wp-content\/uploads\/2025\/08\/Reinhold-Fuss-768x549.jpg 768w, http:\/\/olympia-schoenau.de\/wp-content\/uploads\/2025\/08\/Reinhold-Fuss-600x429.jpg 600w, http:\/\/olympia-schoenau.de\/wp-content\/uploads\/2025\/08\/Reinhold-Fuss.jpg 986w\" sizes=\"auto, (max-width: 300px) 100vw, 300px\" \/><\/p>\n<p><strong>In den 60er Jahren \u00fcbernahm Ewald Reubelt die Abteilung. <\/strong>Mit ihm nahmen die Turner 1972 das erste Mal an einer Deutschen Meisterschaft teil. Regina Zirkelbach belegte den 5. Platz in der Sch\u00fclerinnenklasse. 1973 errang Regina den ersten Bayerischen Meistertitel f\u00fcr die DJK.<\/p>\n<p><img loading=\"lazy\" decoding=\"async\" class=\"aligncenter size-medium wp-image-612\" src=\"http:\/\/olympia-schoenau.de\/wp-content\/uploads\/2025\/08\/1-Turnerinnen-1968-300x214.jpg\" alt=\"\" width=\"300\" height=\"214\" srcset=\"http:\/\/olympia-schoenau.de\/wp-content\/uploads\/2025\/08\/1-Turnerinnen-1968-300x214.jpg 300w, http:\/\/olympia-schoenau.de\/wp-content\/uploads\/2025\/08\/1-Turnerinnen-1968-768x548.jpg 768w, http:\/\/olympia-schoenau.de\/wp-content\/uploads\/2025\/08\/1-Turnerinnen-1968-600x428.jpg 600w, http:\/\/olympia-schoenau.de\/wp-content\/uploads\/2025\/08\/1-Turnerinnen-1968.jpg 1000w\" sizes=\"auto, (max-width: 300px) 100vw, 300px\" \/><\/p>\n<p>Den ersten Deutschen Meistertitel holte ihre Schwester Brigitte Zirkelbach 1977 in der Sch\u00fclerinnenklasse. Nach der R\u00fcckkehr der Turnerinnen begr\u00fc\u00dfte der Verein samt Gemeinde die<br \/>\nTurnerinnen mit einem Fackelzug durchs Dorf.\u00a01979 wie 1981 erturnten Anita, Brigitte und\u00a0Regina Zirkelbach jeweils in ihrer Altersklasse den Bayerischen Meistertitel. Auch die Mannschaft der DJK Olympia Sch\u00f6nau konnte 1979 den Bayerischen Mannschaftsmeistertitel. In diesem Wettkampfjahr wurde Brigitte Zirkelbach Deutsche Jugendmeisterin und die Vereinsmannschaft erturnte sich den Deutschen Vizemeistertitel.<\/p>\n<\/div>\n<div class=\"propfirst\">1980 wurde Anita Horbelt in der Sch\u00fclerinnenklasse, Brigitte Z. in der Jugendklasse und Regina. in der Erwachsenenklasse Bayerische Meisterinnen. Dagmar Fu\u00df gelang in diesem Jahr der Deutsche Sch\u00fclerinnen Meistertitel. Den Bayerischen Jugendmeistertitel 1983 gewann Anita Horbelt. Auch einen m\u00e4nnlichen Bayerischen Meisterschaftstitel konnte die DJK 1984 mit Horst Hergenhan vorweisen.Insgesamt konnten 15 Bayerische und vier<br \/>\nDeutsche Meisterschaftstitel in der Einzelwertung und 3 Bayerische Mannschaft Meistertitel erturnt werden.1975 lie\u00df es sich die DJK Olympia Sch\u00f6nau nicht nehmen, das 50 j\u00e4hrige Rh\u00f6nradjubil\u00e4um geb\u00fchrend zu feier. Zu diesem Ereignis fand unterhalb der Kirche die Einweihung des Rh\u00f6nraddenkmales statt. Auf einem die Rh\u00f6n sympolisierten Basaltberg wurde aus rostfreiem Stahl ein Rh\u00f6nrad errichtet. Die Einfassung stammt vom alten Dorfbrunnen. Seit diesem Tag sprudelt das ganze Jahr \u00fcber ein Springbrunnen, welcher im Winter das Rh\u00f6nrad des \u00f6fterem im Eis gefangen hat.<\/div>\n<div><\/div>\n<\/div>\n<div><img loading=\"lazy\" decoding=\"async\" class=\"aligncenter size-medium wp-image-610\" src=\"http:\/\/olympia-schoenau.de\/wp-content\/uploads\/2025\/08\/Rhoenradbrunnen-169x300.jpg\" alt=\"\" width=\"169\" height=\"300\" srcset=\"http:\/\/olympia-schoenau.de\/wp-content\/uploads\/2025\/08\/Rhoenradbrunnen-169x300.jpg 169w, http:\/\/olympia-schoenau.de\/wp-content\/uploads\/2025\/08\/Rhoenradbrunnen.jpg 562w\" sizes=\"auto, (max-width: 169px) 100vw, 169px\" \/><\/div>\n<div><\/div>\n<div><\/div>\n<div><img loading=\"lazy\" decoding=\"async\" class=\"aligncenter size-medium wp-image-611\" src=\"http:\/\/olympia-schoenau.de\/wp-content\/uploads\/2025\/08\/Notenblatt-Rhoenradlied-195x300.jpg\" alt=\"\" width=\"195\" height=\"300\" srcset=\"http:\/\/olympia-schoenau.de\/wp-content\/uploads\/2025\/08\/Notenblatt-Rhoenradlied-195x300.jpg 195w, http:\/\/olympia-schoenau.de\/wp-content\/uploads\/2025\/08\/Notenblatt-Rhoenradlied-600x922.jpg 600w, http:\/\/olympia-schoenau.de\/wp-content\/uploads\/2025\/08\/Notenblatt-Rhoenradlied.jpg 651w\" sizes=\"auto, (max-width: 195px) 100vw, 195px\" \/><\/div>\n<p><!--more--><\/p>\n<div><\/div>\n<div class=\"cols\">\n<div><\/div>\n<div class=\"propfirst\">1994 \u00fcbernahm Anita Wagner die Abteilung. Im Jahr 2000 wurde das Rh\u00f6nrad 75 Jahre alt, hierzu \u00fcbernahm die DJK die Austragung der Deutschen Meisterschaft um das Turnrad in seine \u201eHeimat\u201c zur\u00fcck zu holen. Der Wettkampf musste allerdings in der B\u00fcrgermeister Goebels Halle in Bad Neustadt\/Saale stattfinden, da unsere Vereinshalle f\u00fcr einen solchen Wettkampf zu klein ist.Zum 90ten Rh\u00f6nradjubil\u00e4um im Jahr 2015 freute sich der Verein, die Zusage vom DTB f\u00fcr die Austragung der 54. Deutschen Meisterschafen zum 3ten Mal zu bekommen. Dank der freundlichen Unterst\u00fctzung der Stadt Bad Neustadt, durfte der Wettkampf wiederum in der B\u00fcrgermeister Goebel Halle stattfinden.<\/div>\n<div class=\"propfirst\">[youtube id=&#8220;gxAUUWs46uY&#8220;]<\/div>\n<div class=\"propfirst\">\n<p><strong>Mit insgesamt 70 Helfern wurde diese 54. Meisterschaft ein voller Erfolg!<\/strong><\/p>\n<p>Als kleines \u201eBonbon\u201c konnte zu diesem Anlass das Rh\u00f6nradlied, welches von Leopold Maa\u00df 1927 &#8222;Dem Erfinder des Rh\u00f6nrades, Herrn Otto Feick, in Verehrung gewidmet&#8220; wurde dem Publikum nach 88 Jahren Live vorgetragen werden. Gesanglich durch der Sch\u00f6nauer Sopranistin Sonja Rahm die von Matthias Eichele aus Bad Neustadt\/Saale am Piano begleitet wurde.<\/p>\n<p>[youtube id=&#8220;TxtWcscXSog&#8220;]<\/p>\n<p>Unsere beiden <strong>Aktiven in der Bundesklasse<\/strong> Sabrina Streck und Tanja Rehm \u00a0die bei den 54. Seutschen Meisterschaften in Bad Neustadt\/Saale 2015 dabei sein konnten.<\/p>\n<p><img loading=\"lazy\" decoding=\"async\" class=\"aligncenter size-medium wp-image-616\" src=\"http:\/\/olympia-schoenau.de\/wp-content\/uploads\/2025\/08\/Sabrina-Streck-200x300.jpg\" alt=\"\" width=\"200\" height=\"300\" srcset=\"http:\/\/olympia-schoenau.de\/wp-content\/uploads\/2025\/08\/Sabrina-Streck-200x300.jpg 200w, http:\/\/olympia-schoenau.de\/wp-content\/uploads\/2025\/08\/Sabrina-Streck.jpg 320w\" sizes=\"auto, (max-width: 200px) 100vw, 200px\" \/><\/p>\n<p><img loading=\"lazy\" decoding=\"async\" class=\"aligncenter size-medium wp-image-615\" src=\"http:\/\/olympia-schoenau.de\/wp-content\/uploads\/2025\/08\/Sabrina-Steck-2013-200x300.jpg\" alt=\"\" width=\"200\" height=\"300\" srcset=\"http:\/\/olympia-schoenau.de\/wp-content\/uploads\/2025\/08\/Sabrina-Steck-2013-200x300.jpg 200w, http:\/\/olympia-schoenau.de\/wp-content\/uploads\/2025\/08\/Sabrina-Steck-2013.jpg 217w\" sizes=\"auto, (max-width: 200px) 100vw, 200px\" \/><\/p>\n<p><img loading=\"lazy\" decoding=\"async\" class=\"aligncenter size-medium wp-image-614\" src=\"http:\/\/olympia-schoenau.de\/wp-content\/uploads\/2025\/08\/Tanja-Rehm-2013-300x200.jpg\" alt=\"\" width=\"300\" height=\"200\" srcset=\"http:\/\/olympia-schoenau.de\/wp-content\/uploads\/2025\/08\/Tanja-Rehm-2013-300x200.jpg 300w, http:\/\/olympia-schoenau.de\/wp-content\/uploads\/2025\/08\/Tanja-Rehm-2013-768x512.jpg 768w, http:\/\/olympia-schoenau.de\/wp-content\/uploads\/2025\/08\/Tanja-Rehm-2013-600x400.jpg 600w, http:\/\/olympia-schoenau.de\/wp-content\/uploads\/2025\/08\/Tanja-Rehm-2013.jpg 800w\" sizes=\"auto, (max-width: 300px) 100vw, 300px\" \/><\/p>\n<p>Aber auch unsere <strong>Nachwuchsturner<\/strong> sind sehr aktiv und erfolgreich bei Wettk\u00e4mpfen vertreten.<\/p>\n<p>F\u00fcr die DJK Olympia Sch\u00f6nau gab es zwei strahlende Mannschaften beim dritten und letzten Wettkampftag 2015 der Rh\u00f6nradturner in W\u00fcrzburg um den Otto-Faber-Ged\u00e4chtnispokal.<\/p>\n<p>Platz 1 f\u00fcr die Sch\u00fclermannschaft und Platz 2 f\u00fcr die Bambinimannschaft.<\/p>\n<p><img loading=\"lazy\" decoding=\"async\" class=\"aligncenter size-medium wp-image-613\" src=\"http:\/\/olympia-schoenau.de\/wp-content\/uploads\/2025\/08\/2017-11-18-300x227.jpg\" alt=\"\" width=\"300\" height=\"227\" srcset=\"http:\/\/olympia-schoenau.de\/wp-content\/uploads\/2025\/08\/2017-11-18-300x227.jpg 300w, http:\/\/olympia-schoenau.de\/wp-content\/uploads\/2025\/08\/2017-11-18-768x580.jpg 768w, http:\/\/olympia-schoenau.de\/wp-content\/uploads\/2025\/08\/2017-11-18-600x453.jpg 600w, http:\/\/olympia-schoenau.de\/wp-content\/uploads\/2025\/08\/2017-11-18.jpg 1000w\" sizes=\"auto, (max-width: 300px) 100vw, 300px\" \/><\/p>\n<p>Aber nicht nur auf Wettk\u00e4mpfen sind wir vertreten. Mit Begeisterung f\u00fcr alle Teilnehmer besuchen wir Turnfeste auf bayerischer- oder auch deutscher Ebene. Ebenso DJK Bundessportfeste und DJK Bundesmeisterschaften.<\/p>\n<p>Wir freuen uns jetzt schon auf das Deutsche Turnfest 2017 in Berlin!<\/p>\n<p>Die Rh\u00f6nrad-Schauturngruppe pr\u00e4sentiert sich bei vielerlei Veranstaltungen.<\/p>\n<p>Sei es bei z.B. der Nacht des Sports in Bad Kissingen, bei Handballspielen des HSC Bad Neustadt, beim Sommerfest der Sparkasse Bad Neustadt um nur einige zu nennen. Nat\u00fcrlich d\u00fcrfen bei vereinsinternen Veranstaltungen die Showvorf\u00fchrungen nicht fehlen.<\/p>\n<p>Gerne f\u00fchren wir auch Rh\u00f6nrad-Workshops in Zusammenarbeit mit Schulen durch.<\/p>\n<\/div>\n<div class=\"propfirst\"><\/div>\n<div class=\"propfirst\"><\/div>\n<\/div>\n<p><!--more--><\/p>\n","protected":false},"excerpt":{"rendered":"<p>In Sch\u00f6nau an der Brend wurde seit der Erfindung des Rh\u00f6nrades im Jahre 1925 immer Rh\u00f6nrad geturnt. 1955 schlossen sich die Rh\u00f6nradturner der DJK Olympia Sch\u00f6nau an. Damals geleitet von Reinhold Fu\u00df. In den 60er Jahren \u00fcbernahm Ewald Reubelt die Abteilung. Mit ihm nahmen die Turner 1972 das erste Mal an einer Deutschen Meisterschaft teil. [&hellip;]<\/p>\n","protected":false},"author":3,"featured_media":0,"parent":0,"menu_order":1,"comment_status":"closed","ping_status":"closed","template":"","meta":{"footnotes":""},"class_list":["post-18","page","type-page","status-publish","hentry"],"_links":{"self":[{"href":"http:\/\/olympia-schoenau.de\/index.php?rest_route=\/wp\/v2\/pages\/18","targetHints":{"allow":["GET"]}}],"collection":[{"href":"http:\/\/olympia-schoenau.de\/index.php?rest_route=\/wp\/v2\/pages"}],"about":[{"href":"http:\/\/olympia-schoenau.de\/index.php?rest_route=\/wp\/v2\/types\/page"}],"author":[{"embeddable":true,"href":"http:\/\/olympia-schoenau.de\/index.php?rest_route=\/wp\/v2\/users\/3"}],"replies":[{"embeddable":true,"href":"http:\/\/olympia-schoenau.de\/index.php?rest_route=%2Fwp%2Fv2%2Fcomments&post=18"}],"version-history":[{"count":3,"href":"http:\/\/olympia-schoenau.de\/index.php?rest_route=\/wp\/v2\/pages\/18\/revisions"}],"predecessor-version":[{"id":619,"href":"http:\/\/olympia-schoenau.de\/index.php?rest_route=\/wp\/v2\/pages\/18\/revisions\/619"}],"wp:attachment":[{"href":"http:\/\/olympia-schoenau.de\/index.php?rest_route=%2Fwp%2Fv2%2Fmedia&parent=18"}],"curies":[{"name":"wp","href":"https:\/\/api.w.org\/{rel}","templated":true}]}}